{"id":81,"date":"2022-01-11T13:38:14","date_gmt":"2022-01-11T13:38:14","guid":{"rendered":"https:\/\/promusicarte.com.co\/front_page\/"},"modified":"2024-07-09T15:24:22","modified_gmt":"2024-07-09T15:24:22","slug":"front_page","status":"publish","type":"page","link":"https:\/\/promusicarte.com.co\/","title":{"rendered":"Front Page"},"content":{"rendered":"\n\n\n\n\n\n\n\n\n\n","protected":false},"excerpt":{"rendered":"","protected":false},"author":1,"featured_media":0,"parent":0,"menu_order":0,"comment_status":"closed","ping_status":"closed","template":"","meta":{"saved_in_kubio":true,"footnotes":""},"class_list":["post-81","page","type-page","status-publish","hentry"],"kubio_ai_page_context":{"short_desc":"","purpose":"general"},"yoast_head":"<!-- This site is optimized with the Yoast SEO plugin v26.5 - https:\/\/yoast.com\/wordpress\/plugins\/seo\/ -->\n<title>Front Page - PROMUSICARTE<\/title>\n<meta name=\"robots\" content=\"index, follow, max-snippet:-1, max-image-preview:large, max-video-preview:-1\" \/>\n<link rel=\"canonical\" href=\"https:\/\/promusicarte.com.co\/\" \/>\n<meta property=\"og:locale\" content=\"es_ES\" \/>\n<meta property=\"og:type\" content=\"article\" \/>\n<meta property=\"og:title\" content=\"Front Page - PROMUSICARTE\" \/>\n<meta property=\"og:url\" content=\"https:\/\/promusicarte.com.co\/\" \/>\n<meta property=\"og:site_name\" content=\"PROMUSICARTE\" \/>\n<meta property=\"article:publisher\" content=\"https:\/\/www.facebook.com\/Promusicarte\" \/>\n<meta property=\"article:modified_time\" content=\"2024-07-09T15:24:22+00:00\" \/>\n<meta name=\"twitter:card\" content=\"summary_large_image\" \/>\n<meta name=\"twitter:label1\" content=\"Tiempo de lectura\" \/>\n\t<meta name=\"twitter:data1\" content=\"1 minuto\" \/>\n<script type=\"application\/ld+json\" class=\"yoast-schema-graph\">{\"@context\":\"https:\/\/schema.org\",\"@graph\":[{\"@type\":\"WebPage\",\"@id\":\"https:\/\/promusicarte.com.co\/\",\"url\":\"https:\/\/promusicarte.com.co\/\",\"name\":\"Front Page - PROMUSICARTE\",\"isPartOf\":{\"@id\":\"https:\/\/promusicarte.com.co\/#website\"},\"datePublished\":\"2022-01-11T13:38:14+00:00\",\"dateModified\":\"2024-07-09T15:24:22+00:00\",\"breadcrumb\":{\"@id\":\"https:\/\/promusicarte.com.co\/#breadcrumb\"},\"inLanguage\":\"es\",\"potentialAction\":[{\"@type\":\"ReadAction\",\"target\":[\"https:\/\/promusicarte.com.co\/\"]}]},{\"@type\":\"BreadcrumbList\",\"@id\":\"https:\/\/promusicarte.com.co\/#breadcrumb\",\"itemListElement\":[{\"@type\":\"ListItem\",\"position\":1,\"name\":\"Portada\",\"item\":\"https:\/\/promusicarte.com.co\/\"},{\"@type\":\"ListItem\",\"position\":2,\"name\":\"Front Page\"}]},{\"@type\":\"WebSite\",\"@id\":\"https:\/\/promusicarte.com.co\/#website\",\"url\":\"https:\/\/promusicarte.com.co\/\",\"name\":\"PROMUSICARTE\",\"description\":\"Fundaci\u00f3n para la Promoci\u00f3n de la Salud en la M\u00fasica y el Arte\",\"publisher\":{\"@id\":\"https:\/\/promusicarte.com.co\/#organization\"},\"potentialAction\":[{\"@type\":\"SearchAction\",\"target\":{\"@type\":\"EntryPoint\",\"urlTemplate\":\"https:\/\/promusicarte.com.co\/?s={search_term_string}\"},\"query-input\":{\"@type\":\"PropertyValueSpecification\",\"valueRequired\":true,\"valueName\":\"search_term_string\"}}],\"inLanguage\":\"es\"},{\"@type\":\"Organization\",\"@id\":\"https:\/\/promusicarte.com.co\/#organization\",\"name\":\"PROMUSICARTE\",\"url\":\"https:\/\/promusicarte.com.co\/\",\"logo\":{\"@type\":\"ImageObject\",\"inLanguage\":\"es\",\"@id\":\"https:\/\/promusicarte.com.co\/#\/schema\/logo\/image\/\",\"url\":\"https:\/\/promusicarte.com.co\/wp-content\/uploads\/2024\/04\/LOGOFINAL.png\",\"contentUrl\":\"https:\/\/promusicarte.com.co\/wp-content\/uploads\/2024\/04\/LOGOFINAL.png\",\"width\":1890,\"height\":463,\"caption\":\"PROMUSICARTE\"},\"image\":{\"@id\":\"https:\/\/promusicarte.com.co\/#\/schema\/logo\/image\/\"},\"sameAs\":[\"https:\/\/www.facebook.com\/Promusicarte\"]}]}<\/script>\n<!-- \/ Yoast SEO plugin. -->","yoast_head_json":{"title":"Front Page - PROMUSICARTE","robots":{"index":"index","follow":"follow","max-snippet":"max-snippet:-1","max-image-preview":"max-image-preview:large","max-video-preview":"max-video-preview:-1"},"canonical":"https:\/\/promusicarte.com.co\/","og_locale":"es_ES","og_type":"article","og_title":"Front Page - PROMUSICARTE","og_url":"https:\/\/promusicarte.com.co\/","og_site_name":"PROMUSICARTE","article_publisher":"https:\/\/www.facebook.com\/Promusicarte","article_modified_time":"2024-07-09T15:24:22+00:00","twitter_card":"summary_large_image","twitter_misc":{"Tiempo de lectura":"1 minuto"},"schema":{"@context":"https:\/\/schema.org","@graph":[{"@type":"WebPage","@id":"https:\/\/promusicarte.com.co\/","url":"https:\/\/promusicarte.com.co\/","name":"Front Page - PROMUSICARTE","isPartOf":{"@id":"https:\/\/promusicarte.com.co\/#website"},"datePublished":"2022-01-11T13:38:14+00:00","dateModified":"2024-07-09T15:24:22+00:00","breadcrumb":{"@id":"https:\/\/promusicarte.com.co\/#breadcrumb"},"inLanguage":"es","potentialAction":[{"@type":"ReadAction","target":["https:\/\/promusicarte.com.co\/"]}]},{"@type":"BreadcrumbList","@id":"https:\/\/promusicarte.com.co\/#breadcrumb","itemListElement":[{"@type":"ListItem","position":1,"name":"Portada","item":"https:\/\/promusicarte.com.co\/"},{"@type":"ListItem","position":2,"name":"Front Page"}]},{"@type":"WebSite","@id":"https:\/\/promusicarte.com.co\/#website","url":"https:\/\/promusicarte.com.co\/","name":"PROMUSICARTE","description":"Fundaci\u00f3n para la Promoci\u00f3n de la Salud en la M\u00fasica y el Arte","publisher":{"@id":"https:\/\/promusicarte.com.co\/#organization"},"potentialAction":[{"@type":"SearchAction","target":{"@type":"EntryPoint","urlTemplate":"https:\/\/promusicarte.com.co\/?s={search_term_string}"},"query-input":{"@type":"PropertyValueSpecification","valueRequired":true,"valueName":"search_term_string"}}],"inLanguage":"es"},{"@type":"Organization","@id":"https:\/\/promusicarte.com.co\/#organization","name":"PROMUSICARTE","url":"https:\/\/promusicarte.com.co\/","logo":{"@type":"ImageObject","inLanguage":"es","@id":"https:\/\/promusicarte.com.co\/#\/schema\/logo\/image\/","url":"https:\/\/promusicarte.com.co\/wp-content\/uploads\/2024\/04\/LOGOFINAL.png","contentUrl":"https:\/\/promusicarte.com.co\/wp-content\/uploads\/2024\/04\/LOGOFINAL.png","width":1890,"height":463,"caption":"PROMUSICARTE"},"image":{"@id":"https:\/\/promusicarte.com.co\/#\/schema\/logo\/image\/"},"sameAs":["https:\/\/www.facebook.com\/Promusicarte"]}]}},"_links":{"self":[{"href":"https:\/\/promusicarte.com.co\/index.php?rest_route=\/wp\/v2\/pages\/81","targetHints":{"allow":["GET"]}}],"collection":[{"href":"https:\/\/promusicarte.com.co\/index.php?rest_route=\/wp\/v2\/pages"}],"about":[{"href":"https:\/\/promusicarte.com.co\/index.php?rest_route=\/wp\/v2\/types\/page"}],"author":[{"embeddable":true,"href":"https:\/\/promusicarte.com.co\/index.php?rest_route=\/wp\/v2\/users\/1"}],"replies":[{"embeddable":true,"href":"https:\/\/promusicarte.com.co\/index.php?rest_route=%2Fwp%2Fv2%2Fcomments&post=81"}],"version-history":[{"count":122,"href":"https:\/\/promusicarte.com.co\/index.php?rest_route=\/wp\/v2\/pages\/81\/revisions"}],"predecessor-version":[{"id":1974,"href":"https:\/\/promusicarte.com.co\/index.php?rest_route=\/wp\/v2\/pages\/81\/revisions\/1974"}],"wp:attachment":[{"href":"https:\/\/promusicarte.com.co\/index.php?rest_route=%2Fwp%2Fv2%2Fmedia&parent=81"}],"curies":[{"name":"wp","href":"https:\/\/api.w.org\/{rel}","templated":true}]}}